{"id":12,"date":"2020-03-27T16:28:59","date_gmt":"2020-03-27T16:28:59","guid":{"rendered":"https:\/\/parohia-ortodoxa-greifswald.de\/?page_id=12"},"modified":"2021-01-09T02:34:51","modified_gmt":"2021-01-09T02:34:51","slug":"spenden","status":"publish","type":"page","link":"https:\/\/parohia-ortodoxa-rostock.de\/ro\/spenden\/","title":{"rendered":"Spenden"},"content":{"rendered":"\n<p><strong>Unsere Kirchengemeinde ist auf Spenden angewiesen.<\/strong> Den gesammelten Betrag wird f\u00fcr die <strong>Bezahlung der Miete, der Nebenkosten<\/strong>, f\u00fcr d<strong>en Einkauf der Gegenst\u00e4nden<\/strong> die f\u00fcr <strong>den Ablauf der Gottesdiensten<\/strong> <strong>relevant<\/strong> sind, aber auch <strong>notwendig<\/strong> f\u00fcr die <strong>Kirchengemeinde<\/strong> sind.<\/p>\n\n\n\n<p><strong>Der Einkommen unserer Gemeinde:<\/strong><\/p>\n\n\n\n<p>\u00bb monatliche\/j\u00e4hrliche Spenden &#8211; Dauerauftrag oder Einzugserm\u00e4chtigung;<\/p>\n\n\n\n<p>\u00bb Spenden bei den Gottesdiensten<\/p>\n\n\n\n<p>\u00bb Spenden f\u00fcr Kerzen, Ikonen, B\u00fccher usw.<\/p>\n\n\n\n<ul class=\"wp-block-list\"><li><strong>Bankverbindung:&nbsp;<\/strong>Sparkasse Vorpommern<\/li><li><strong>Name: <\/strong>Orthodoxe Pfarrei Greifswald<\/li><li><strong>IBAN: <\/strong>DE73 1505 0500 0102 1028 05 <\/li><li><strong>BIC: <\/strong>NOLADE21GRW<\/li><\/ul>\n\n\n\n<p><\/p>\n\n\n\n<p>Paypal:<\/p>\n\n\n\n<!-- Begin PayPal Donations by https:\/\/www.tipsandtricks-hq.com\/paypal-donations-widgets-plugin -->\n\n<form action=\"https:\/\/www.paypal.com\/cgi-bin\/webscr\" method=\"post\">\n    <div class=\"paypal-donations\">\n        <input type=\"hidden\" name=\"cmd\" value=\"_donations\" \/>\n        <input type=\"hidden\" name=\"bn\" value=\"TipsandTricks_SP\" \/>\n        <input type=\"hidden\" name=\"business\" value=\"W43UWG5NP3J6A\" \/>\n        <input type=\"hidden\" name=\"rm\" value=\"0\" \/>\n        <input type=\"hidden\" name=\"currency_code\" value=\"EUR\" \/>\n        <input type=\"image\" style=\"cursor: pointer;\" src=\"https:\/\/www.paypalobjects.com\/de_DE\/DE\/i\/btn\/btn_donateCC_LG.gif\" name=\"submit\" alt=\"PayPal - The safer, easier way to pay online.\" \/>\n        <img loading=\"lazy\" decoding=\"async\" alt=\"\" src=\"https:\/\/www.paypalobjects.com\/en_US\/i\/scr\/pixel.gif\" width=\"1\" height=\"1\" \/>\n    <\/div>\n<\/form>\n<!-- End PayPal Donations -->\n\n","protected":false},"excerpt":{"rendered":"<p>Unsere Kirchengemeinde ist auf Spenden angewiesen. Den gesammelten Betrag wird f\u00fcr die Bezahlung der Miete, der Nebenkosten, f\u00fcr den Einkauf der Gegenst\u00e4nden die f\u00fcr den Ablauf der Gottesdiensten relevant sind, [&hellip;]<\/p>\n","protected":false},"author":1,"featured_media":0,"parent":0,"menu_order":0,"comment_status":"closed","ping_status":"closed","template":"","meta":{"h5ap_radio_sources":[],"footnotes":""},"class_list":["post-12","page","type-page","status-publish","hentry"],"_links":{"self":[{"href":"https:\/\/parohia-ortodoxa-rostock.de\/ro\/wp-json\/wp\/v2\/pages\/12","targetHints":{"allow":["GET"]}}],"collection":[{"href":"https:\/\/parohia-ortodoxa-rostock.de\/ro\/wp-json\/wp\/v2\/pages"}],"about":[{"href":"https:\/\/parohia-ortodoxa-rostock.de\/ro\/wp-json\/wp\/v2\/types\/page"}],"author":[{"embeddable":true,"href":"https:\/\/parohia-ortodoxa-rostock.de\/ro\/wp-json\/wp\/v2\/users\/1"}],"replies":[{"embeddable":true,"href":"https:\/\/parohia-ortodoxa-rostock.de\/ro\/wp-json\/wp\/v2\/comments?post=12"}],"version-history":[{"count":13,"href":"https:\/\/parohia-ortodoxa-rostock.de\/ro\/wp-json\/wp\/v2\/pages\/12\/revisions"}],"predecessor-version":[{"id":824,"href":"https:\/\/parohia-ortodoxa-rostock.de\/ro\/wp-json\/wp\/v2\/pages\/12\/revisions\/824"}],"wp:attachment":[{"href":"https:\/\/parohia-ortodoxa-rostock.de\/ro\/wp-json\/wp\/v2\/media?parent=12"}],"curies":[{"name":"wp","href":"https:\/\/api.w.org\/{rel}","templated":true}]}}