{"id":40,"date":"2020-03-27T16:48:50","date_gmt":"2020-03-27T16:48:50","guid":{"rendered":"https:\/\/parohia-ortodoxa-greifswald.de\/?page_id=40"},"modified":"2022-08-24T10:17:00","modified_gmt":"2022-08-24T10:17:00","slug":"prima-pagina","status":"publish","type":"page","link":"https:\/\/parohia-ortodoxa-rostock.de\/de\/prima-pagina\/","title":{"rendered":""},"content":{"rendered":"<p>Hier finden Sie Informationen \u00fcber die Gemeinde, das Programm der Gottesdienste, eine kurze Geschichte der Gemeinde, Informationen \u00fcber ihre Feste, eine Sammlung n\u00fctzlicher Links, verschiedene Veranstaltungen und Projekte, die von uns unterst\u00fctzt werden, und nicht zuletzt die Kontaktdaten.<\/p>\n\n\n\n<p>Die Nachrichten k\u00f6nnen Sie auch auf der offiziellen <a href=\"https:\/\/www.facebook.com\/parohia.rostock.1\" target=\"_blank\" rel=\"noreferrer noopener\">Facebook<\/a>\u00a0-Seite lesen. Dort finden Sie auch Bilder von verschiedenen Aktivit\u00e4ten im Leben unserer Gemeinde, aber auch das liturgische Programm.<\/p>\n\n\n\n<p>Die Informationen auf der Website sind in rum\u00e4nischer und deutscher Sprache verf\u00fcgbar.<\/p>\n\n\n\n<p>Der Start dieser Website und der <a href=\"https:\/\/www.facebook.com\/parohia.rostock.1\" target=\"_blank\" rel=\"noreferrer noopener\">Facebook<\/a>-Seite entspricht den pastoralen, missionarischen und informativen Bed\u00fcrfnissen der Gl\u00e4ubigen in und um Rostock.<\/p>","protected":false},"excerpt":{"rendered":"<p>Hier finden Sie Informationen \u00fcber die Gemeinde, das Programm der Gottesdienste, eine kurze Geschichte der Gemeinde, Informationen \u00fcber ihre Feste, eine Sammlung n\u00fctzlicher Links, verschiedene Veranstaltungen und Projekte, die von [&hellip;]<\/p>\n","protected":false},"author":1,"featured_media":0,"parent":0,"menu_order":0,"comment_status":"closed","ping_status":"closed","template":"","meta":{"h5ap_radio_sources":[],"footnotes":""},"class_list":["post-40","page","type-page","status-publish","hentry"],"_links":{"self":[{"href":"https:\/\/parohia-ortodoxa-rostock.de\/de\/wp-json\/wp\/v2\/pages\/40","targetHints":{"allow":["GET"]}}],"collection":[{"href":"https:\/\/parohia-ortodoxa-rostock.de\/de\/wp-json\/wp\/v2\/pages"}],"about":[{"href":"https:\/\/parohia-ortodoxa-rostock.de\/de\/wp-json\/wp\/v2\/types\/page"}],"author":[{"embeddable":true,"href":"https:\/\/parohia-ortodoxa-rostock.de\/de\/wp-json\/wp\/v2\/users\/1"}],"replies":[{"embeddable":true,"href":"https:\/\/parohia-ortodoxa-rostock.de\/de\/wp-json\/wp\/v2\/comments?post=40"}],"version-history":[{"count":9,"href":"https:\/\/parohia-ortodoxa-rostock.de\/de\/wp-json\/wp\/v2\/pages\/40\/revisions"}],"predecessor-version":[{"id":1922,"href":"https:\/\/parohia-ortodoxa-rostock.de\/de\/wp-json\/wp\/v2\/pages\/40\/revisions\/1922"}],"wp:attachment":[{"href":"https:\/\/parohia-ortodoxa-rostock.de\/de\/wp-json\/wp\/v2\/media?parent=40"}],"curies":[{"name":"wp","href":"https:\/\/api.w.org\/{rel}","templated":true}]}}