{"id":864,"date":"2021-01-09T15:37:26","date_gmt":"2021-01-09T15:37:26","guid":{"rendered":"https:\/\/parohia-ortodoxa-greifswald.de\/?page_id=864"},"modified":"2021-01-09T16:42:38","modified_gmt":"2021-01-09T16:42:38","slug":"biserica-crestina","status":"publish","type":"page","link":"http:\/\/parohia-ortodoxa-rostock.de\/de\/827-2\/biserica-crestina\/","title":{"rendered":"Christliche Kirche"},"content":{"rendered":"\n<ul class=\"wp-block-list\"><li>a luat na\u0219tere la<strong> <\/strong>praznicul Cincizecimii, c\u00e2nd Duhul Sf\u00e2nt s-a pogor\u00e2t asupra Sfin\u021bilor Apostoli sub forma limbilor de foc.&nbsp;<\/li><\/ul>\n\n\n\n<div class=\"wp-block-media-text alignwide is-stacked-on-mobile\"><figure class=\"wp-block-media-text__media\"><img loading=\"lazy\" decoding=\"async\" width=\"761\" height=\"1024\" src=\"https:\/\/parohia-ortodoxa-greifswald.de\/wp-content\/uploads\/2021\/01\/Pentecost_Kirillo-Belozersk-1-761x1024.jpg\" alt=\"\u201cIar c\u00e2nd va veni M\u00e2ng\u00e2ietorul, pe Care Eu \u00cel voi trimite vou\u0103 de la Tat\u0103l, Duhul Adev\u0103rului, Care de la Tat\u0103l purcede, Acela va m\u0103rturisi despre Mine.\u201d (Ioan 15:26) \n&quot;Iar cand a sosit ziua Cincizecimii,[...]s-au umplut toti de Duhul Sfant\u201d (Fapte 2:1-13)\" class=\"wp-image-874 size-full\" srcset=\"https:\/\/parohia-ortodoxa-rostock.de\/wp-content\/uploads\/2021\/01\/Pentecost_Kirillo-Belozersk-1-761x1024.jpg 761w, https:\/\/parohia-ortodoxa-rostock.de\/wp-content\/uploads\/2021\/01\/Pentecost_Kirillo-Belozersk-1-223x300.jpg 223w, https:\/\/parohia-ortodoxa-rostock.de\/wp-content\/uploads\/2021\/01\/Pentecost_Kirillo-Belozersk-1-768x1033.jpg 768w, https:\/\/parohia-ortodoxa-rostock.de\/wp-content\/uploads\/2021\/01\/Pentecost_Kirillo-Belozersk-1-1142x1536.jpg 1142w, https:\/\/parohia-ortodoxa-rostock.de\/wp-content\/uploads\/2021\/01\/Pentecost_Kirillo-Belozersk-1-9x12.jpg 9w, https:\/\/parohia-ortodoxa-rostock.de\/wp-content\/uploads\/2021\/01\/Pentecost_Kirillo-Belozersk-1.jpg 1434w\" sizes=\"auto, (max-width: 761px) 100vw, 761px\" \/><\/figure><div class=\"wp-block-media-text__content\">\n<p class=\"has-small-font-size\"><em><strong>\u201cIar c\u00e2nd va veni M\u00e2ng\u00e2ietorul, pe Care Eu \u00cel voi trimite vou\u0103 de la Tat\u0103l, Duhul Adev\u0103rului, Care de la Tat\u0103l purcede, Acela va m\u0103rturisi despre Mine.\u201d (Ioan 15:26)<\/strong><\/em><\/p>\n\n\n\n<p class=\"has-small-font-size\"><em><strong>&#8222;Iar cand a sosit ziua Cincizecimii,[\u2026] s-au umplut toti de Duhul Sfant si au inceput sa vorbeasca in alte limbi, precum le dadea lor Duhul a grai.\u201d (Fapte 2, 1-13)<\/strong><\/em><\/p>\n<\/div><\/div>\n\n\n\n<h3 class=\"wp-block-heading\"><em><strong>Biserica Ortodox\u0103<\/strong><\/em>  <\/h3>\n\n\n\n<ul class=\"wp-block-list\"><li>p\u0103streaz\u0103, de atunci \u0219i p\u00e2n\u0103 \u00een prezent, ceea ce Iisus Hristos a predicat, Apostolii au propov\u0103duit \u0219i Sfin\u021bii P\u0103rin\u021bi au tr\u0103it, \u00eempletind Sf\u00e2nta Tradi\u021bie \u0219i vie\u021buirea \u00een Biseric\u0103, cu Sf\u00e2nta Scriptur\u0103.<\/li><\/ul>\n\n\n\n<h3 class=\"wp-block-heading\"><strong><em>Biserica este Trupul lui Hristos<\/em><\/strong> <\/h3>\n\n\n\n<ul class=\"wp-block-list\"><li>\u0219i noi to\u021bi, cei boteza\u021bi \u00een numele Sfintei Treimi, Tat\u0103l, Fiul \u0219i Duhul Sf\u00e2nt,&nbsp; suntem m\u0103dularele vii ale acestui Trup, fiind purt\u0103tori de Dumnezeu.<\/li><\/ul>\n\n\n\n<div class=\"wp-block-columns is-layout-flex wp-container-core-columns-is-layout-9d6595d7 wp-block-columns-is-layout-flex\">\n<div class=\"wp-block-column is-layout-flow wp-block-column-is-layout-flow\" style=\"flex-basis:100%\">\n<div class=\"wp-block-media-text alignwide is-stacked-on-mobile\"><figure class=\"wp-block-media-text__media\"><img loading=\"lazy\" decoding=\"async\" width=\"450\" height=\"581\" src=\"https:\/\/parohia-ortodoxa-greifswald.de\/wp-content\/uploads\/2020\/11\/125269_viata-hristos-sfintele-taine.jpg\" alt=\"\u201cR\u0103m\u00e2ne\u0163i \u00een Mine \u015fi Eu \u00een voi. Precum ml\u0103di\u0163a nu poate s\u0103 aduc\u0103 road\u0103 de la sine, dac\u0103 nu r\u0103m\u00e2ne \u00een vi\u0163\u0103, tot a\u015fa nici voi, dac\u0103 nu r\u0103m\u00e2ne\u0163i \u00een Mine.\nEu sunt vi\u0163a, voi sunte\u0163i ml\u0103di\u0163ele. Cel ce r\u0103m\u00e2ne \u00eentru Mine \u015fi Eu \u00een el, acela aduce road\u0103 mult\u0103, c\u0103ci f\u0103r\u0103 Mine nu pute\u0163i face nimic.\u201d Ioan. 15:4-5\" class=\"wp-image-492 size-full\" srcset=\"https:\/\/parohia-ortodoxa-rostock.de\/wp-content\/uploads\/2020\/11\/125269_viata-hristos-sfintele-taine.jpg 450w, https:\/\/parohia-ortodoxa-rostock.de\/wp-content\/uploads\/2020\/11\/125269_viata-hristos-sfintele-taine-232x300.jpg 232w\" sizes=\"auto, (max-width: 450px) 100vw, 450px\" \/><\/figure><div class=\"wp-block-media-text__content\">\n<p class=\"has-small-font-size\"><strong><em>\u201cR\u0103m\u00e2ne\u0163i \u00een Mine \u015fi Eu \u00een voi. Precum ml\u0103di\u0163a nu poate s\u0103 aduc\u0103 road\u0103 de la sine, dac\u0103 nu r\u0103m\u00e2ne \u00een vi\u0163\u0103, tot a\u015fa nici voi, dac\u0103 nu r\u0103m\u00e2ne\u0163i \u00een Mine.<br>Eu sunt vi\u0163a, voi sunte\u0163i ml\u0103di\u0163ele. Cel ce r\u0103m\u00e2ne \u00eentru Mine \u015fi Eu \u00een el, acela aduce road\u0103 mult\u0103, c\u0103ci f\u0103r\u0103 Mine nu pute\u0163i face nimic.\u201d <\/em><\/strong><em>Ioan. 15:4-5<\/em><\/p>\n<\/div><\/div>\n<\/div>\n<\/div>\n\n\n\n<p>Hristos se d\u0103ruie\u0219te nou\u0103, cre\u0219tinilor, \u00een modul cel mai puternic prin <strong>Sf\u00e2nta \u0219i Dumnezeiasca \u00cemp\u0103rt\u0103\u0219anie<\/strong>, Taina Tainelor, pentru iertarea p\u0103catelor, sfin\u021birea \u0219i via\u021ba de veci a noastr\u0103 \u0219i a tuturor celor ce \u00cel primim pe St\u0103p\u00e2nul Cel de oameni iubitor.&nbsp;<\/p>\n\n\n\n<p><strong>\u201eC\u0103ci Dumnezeu a\u015fa a iubit lumea, \u00eenc\u00e2t pe Fiul S\u0103u Cel Unul-N\u0103scut L-a dat ca oricine crede \u00een El s\u0103 nu piar\u0103, ci s\u0103 aib\u0103 via\u0163\u0103 ve\u015fnic\u0103.<\/strong><\/p>\n\n\n\n<p><strong>C\u0103ci n-a trimis Dumnezeu pe Fiul S\u0103u \u00een lume ca s\u0103 judece lumea, ci ca s\u0103 se m\u00e2ntuiasc\u0103, prin El, lumea.\u201d<\/strong> Ioan 3:16-17<\/p>\n\n\n\n<p>\u201e<strong><em>Veni\u0163i&nbsp;la&nbsp;Mine&nbsp;to\u0163i cei osteni\u0163i \u015fi \u00eempov\u0103ra\u0163i \u015fi Eu v\u0103 voi odihni pe voi.\u201d<\/em><\/strong> <em>Matei. 11:28<\/em><\/p>\n","protected":false},"excerpt":{"rendered":"<p>a luat na\u0219tere la praznicul Cincizecimii, c\u00e2nd Duhul Sf\u00e2nt s-a pogor\u00e2t asupra Sfin\u021bilor Apostoli sub forma limbilor de foc.&nbsp; \u201cIar c\u00e2nd va veni M\u00e2ng\u00e2ietorul, pe Care Eu \u00cel voi trimite [&hellip;]<\/p>\n","protected":false},"author":1,"featured_media":0,"parent":827,"menu_order":0,"comment_status":"closed","ping_status":"closed","template":"","meta":{"h5ap_radio_sources":[],"footnotes":""},"class_list":["post-864","page","type-page","status-publish","hentry"],"_links":{"self":[{"href":"http:\/\/parohia-ortodoxa-rostock.de\/de\/wp-json\/wp\/v2\/pages\/864","targetHints":{"allow":["GET"]}}],"collection":[{"href":"http:\/\/parohia-ortodoxa-rostock.de\/de\/wp-json\/wp\/v2\/pages"}],"about":[{"href":"http:\/\/parohia-ortodoxa-rostock.de\/de\/wp-json\/wp\/v2\/types\/page"}],"author":[{"embeddable":true,"href":"http:\/\/parohia-ortodoxa-rostock.de\/de\/wp-json\/wp\/v2\/users\/1"}],"replies":[{"embeddable":true,"href":"http:\/\/parohia-ortodoxa-rostock.de\/de\/wp-json\/wp\/v2\/comments?post=864"}],"version-history":[{"count":7,"href":"http:\/\/parohia-ortodoxa-rostock.de\/de\/wp-json\/wp\/v2\/pages\/864\/revisions"}],"predecessor-version":[{"id":879,"href":"http:\/\/parohia-ortodoxa-rostock.de\/de\/wp-json\/wp\/v2\/pages\/864\/revisions\/879"}],"up":[{"embeddable":true,"href":"http:\/\/parohia-ortodoxa-rostock.de\/de\/wp-json\/wp\/v2\/pages\/827"}],"wp:attachment":[{"href":"http:\/\/parohia-ortodoxa-rostock.de\/de\/wp-json\/wp\/v2\/media?parent=864"}],"curies":[{"name":"wp","href":"https:\/\/api.w.org\/{rel}","templated":true}]}}