{"id":829,"date":"2021-01-09T02:32:55","date_gmt":"2021-01-09T02:32:55","guid":{"rendered":"https:\/\/parohia-ortodoxa-greifswald.de\/?page_id=829"},"modified":"2022-08-24T14:17:10","modified_gmt":"2022-08-24T14:17:10","slug":"https-www-paypal-com-donatehosted_button_idz5gv64uj3vhkc","status":"publish","type":"page","link":"http:\/\/parohia-ortodoxa-rostock.de\/de\/https-www-paypal-com-donatehosted_button_idz5gv64uj3vhkc\/","title":{"rendered":"Spenden"},"content":{"rendered":"<p><strong>Unsere Kirchengemeinde ist exklusiv auf Spenden angewiesen.<\/strong> <\/p>\n\n\n\n<p><strong>Prin aportul \u0219i contribu\u021bia dumneavoastr\u0103, ne vom putea bucura impreuna de singura parohie ortodox\u0103 rom\u00e2n\u0103 din landul Mecklenburg-Vorpommern. V\u0103 mul\u021bumim pentru sprijin!<\/strong><\/p>\n\n\n\n<hr class=\"wp-block-separator aligncenter\"\/>\n\n\n\n<p>Den gesammelten Betrag wird f\u00fcr:<\/p>\n\n\n\n<ul class=\"wp-block-list\"><li><strong>die Bezahlung der Miete<\/strong> und <strong>Nebenkosten<\/strong> f\u00fcr den Platz, in dem die Aktivit\u00e4ten unserer Gemeinde stattfinden,<\/li><li><strong>Kauf von Kultgegenst\u00e4nden<\/strong> notwendigen, <\/li><li>ebenso gut wie <strong>Unterst\u00fctzung aller Aktionen und Aktivit\u00e4ten <\/strong>der Gemeinde.<\/li><\/ul>\n\n\n\n<hr class=\"wp-block-separator\"\/>\n\n\n\n<p><strong>Veniturile parohiei&nbsp;noastre <\/strong>werden ausschlie\u00dflich gemacht von<strong>:&nbsp;<\/strong><\/p>\n\n\n\n<ul class=\"wp-block-list\"><li>monatlicher \/ j\u00e4hrlicher Beitrag (freiwillig eingeschriebene Familien) per Bank\u00fcberweisung;<\/li><li>Sonntagsabholung;<\/li><li>Spenden an Pangar.<\/li><\/ul>\n\n\n\n<p><strong><em>Hinweis: <\/em><\/strong><em> F\u00fcr anonyme Beitr\u00e4ge k\u00f6nnen keine Quittungen ausgestellt werden. Der Nachweis der finanziellen Unterst\u00fctzung kann f\u00fcr Spenden direkt an den Pangar oder f\u00fcr Spenden per Bank\u00fcberweisung ausgestellt werden.<\/em><\/p>\n\n\n\n<hr class=\"wp-block-separator\"\/>\n\n\n\n<p>Daten f\u00fcr die Bank \u00dcberweisung erforderlich:<\/p>\n\n\n\n<div class=\"wp-block-group\"><div class=\"wp-block-group__inner-container is-layout-flow wp-block-group-is-layout-flow\">\n<ul class=\"wp-block-list\"><li><strong>Bankverbindung:&nbsp;<\/strong>Sparkasse Vorpommern<\/li><li><strong>Nume: <\/strong>Orthodoxe Pfarrei Rostock<\/li><li><strong>IBAN: <\/strong>DE73 1505 0500 0102 1028 05 <strong>BIC: <\/strong>NOLADE21GRW<\/li><\/ul>\n\n\n\n<p>Pentru plata prin platforma Paypal, va rugam accesati butonul de mai jos:<\/p>\n\n\n\n<div class=\"wp-block-buttons is-layout-flex wp-block-buttons-is-layout-flex\">\n<div class=\"wp-block-button is-style-fill\"><a class=\"wp-block-button__link\" href=\"https:\/\/www.paypal.com\/donate?hosted_button_id=Z5GV64UJ3VHKC\" rel=\"https:\/\/www.paypal.com\/donate?hosted_button_id=Z5GV64UJ3VHKC\">Spenden<\/a><\/div>\n<\/div>\n\n\n\n<hr class=\"wp-block-separator\"\/>\n\n\n\n<p><\/p>\n<\/div><\/div>\n\n\n\n<p><\/p>","protected":false},"excerpt":{"rendered":"<p>Parohia noastr\u0103 este sus\u021binut\u0103 financiar exclusiv prin contribu\u0163ia \u015fi dona\u0163iile membrilor comunit\u0103\u0163ii noastre. Prin aportul \u0219i contribu\u021bia dumneavoastr\u0103, ne vom putea bucura impreuna de singura parohie ortodox\u0103 rom\u00e2n\u0103 din landul [&hellip;]<\/p>\n","protected":false},"author":1,"featured_media":0,"parent":0,"menu_order":0,"comment_status":"closed","ping_status":"closed","template":"","meta":{"h5ap_radio_sources":[],"footnotes":""},"class_list":["post-829","page","type-page","status-publish","hentry"],"_links":{"self":[{"href":"http:\/\/parohia-ortodoxa-rostock.de\/de\/wp-json\/wp\/v2\/pages\/829","targetHints":{"allow":["GET"]}}],"collection":[{"href":"http:\/\/parohia-ortodoxa-rostock.de\/de\/wp-json\/wp\/v2\/pages"}],"about":[{"href":"http:\/\/parohia-ortodoxa-rostock.de\/de\/wp-json\/wp\/v2\/types\/page"}],"author":[{"embeddable":true,"href":"http:\/\/parohia-ortodoxa-rostock.de\/de\/wp-json\/wp\/v2\/users\/1"}],"replies":[{"embeddable":true,"href":"http:\/\/parohia-ortodoxa-rostock.de\/de\/wp-json\/wp\/v2\/comments?post=829"}],"version-history":[{"count":16,"href":"http:\/\/parohia-ortodoxa-rostock.de\/de\/wp-json\/wp\/v2\/pages\/829\/revisions"}],"predecessor-version":[{"id":1930,"href":"http:\/\/parohia-ortodoxa-rostock.de\/de\/wp-json\/wp\/v2\/pages\/829\/revisions\/1930"}],"wp:attachment":[{"href":"http:\/\/parohia-ortodoxa-rostock.de\/de\/wp-json\/wp\/v2\/media?parent=829"}],"curies":[{"name":"wp","href":"https:\/\/api.w.org\/{rel}","templated":true}]}}