{"id":827,"date":"2021-01-09T02:28:57","date_gmt":"2021-01-09T02:28:57","guid":{"rendered":"https:\/\/parohia-ortodoxa-greifswald.de\/?page_id=827"},"modified":"2022-08-26T19:55:35","modified_gmt":"2022-08-26T19:55:35","slug":"827-2","status":"publish","type":"page","link":"http:\/\/parohia-ortodoxa-rostock.de\/de\/","title":{"rendered":"Willkommen!"},"content":{"rendered":"<p>Pe acest site g\u0103si\u021bi informa\u021bii \u00een leg\u0103tur\u0103 cu Parohia Ortodox\u0103 Rom\u00e2n\u0103 \u201eNa\u0219terea Maicii Domnului\u201d \u0219i Sf\u00e2ntul Iosif cel nou de la Parto\u0219, din Rostock. <\/p>\n\n\n\n<p>Hier werden vorgestellt: das Programm der Gottesdienste, eine kurze Geschichte der Gemeinde, Informationen \u00fcber ihre Schutzheiligen, eine Sammlung n\u00fctzlicher Links, Informationen \u00fcber verschiedene Ereignisse in unserer Gemeinde und von uns unterst\u00fctzte Projekte und nicht zuletzt die Daten, durch die Sie k\u00f6nnen uns kontaktieren.<\/p>\n\n\n\n<p>Sie k\u00f6nnen auch Nachrichten \u00fcber unsere Gemeinde auf der offiziellen <a href=\"https:\/\/www.facebook.com\/parohia.rostock.1\" target=\"_blank\" rel=\"noreferrer noopener\">Facebook<\/a>&nbsp;-Seite lesen, Sie k\u00f6nnen Bilder sehen, die verschiedene Aktivit\u00e4ten im Leben unserer Gemeinde, aber auch das liturgische Programm veranschaulichen. <\/p>\n\n\n\n<p>Die Informationen auf der Website sind in rum\u00e4nischer und deutscher Sprache verf\u00fcgbar. <\/p>","protected":false},"excerpt":{"rendered":"<p>Pe acest site g\u0103si\u021bi informa\u021bii \u00een leg\u0103tur\u0103 cu Parohia Ortodox\u0103 Rom\u00e2n\u0103 \u201eNa\u0219terea Maicii Domnului\u201d \u0219i Sf\u00e2ntul Iosif cel nou de la Parto\u0219, din Rostock. Sunt prezentate programul sfintelor slujbe, un [&hellip;]<\/p>\n","protected":false},"author":1,"featured_media":1932,"parent":0,"menu_order":0,"comment_status":"closed","ping_status":"closed","template":"","meta":{"h5ap_radio_sources":[],"footnotes":""},"class_list":["post-827","page","type-page","status-publish","has-post-thumbnail","hentry"],"_links":{"self":[{"href":"http:\/\/parohia-ortodoxa-rostock.de\/de\/wp-json\/wp\/v2\/pages\/827","targetHints":{"allow":["GET"]}}],"collection":[{"href":"http:\/\/parohia-ortodoxa-rostock.de\/de\/wp-json\/wp\/v2\/pages"}],"about":[{"href":"http:\/\/parohia-ortodoxa-rostock.de\/de\/wp-json\/wp\/v2\/types\/page"}],"author":[{"embeddable":true,"href":"http:\/\/parohia-ortodoxa-rostock.de\/de\/wp-json\/wp\/v2\/users\/1"}],"replies":[{"embeddable":true,"href":"http:\/\/parohia-ortodoxa-rostock.de\/de\/wp-json\/wp\/v2\/comments?post=827"}],"version-history":[{"count":12,"href":"http:\/\/parohia-ortodoxa-rostock.de\/de\/wp-json\/wp\/v2\/pages\/827\/revisions"}],"predecessor-version":[{"id":1918,"href":"http:\/\/parohia-ortodoxa-rostock.de\/de\/wp-json\/wp\/v2\/pages\/827\/revisions\/1918"}],"wp:featuredmedia":[{"embeddable":true,"href":"http:\/\/parohia-ortodoxa-rostock.de\/de\/wp-json\/wp\/v2\/media\/1932"}],"wp:attachment":[{"href":"http:\/\/parohia-ortodoxa-rostock.de\/de\/wp-json\/wp\/v2\/media?parent=827"}],"curies":[{"name":"wp","href":"https:\/\/api.w.org\/{rel}","templated":true}]}}