{"id":354,"date":"2020-11-04T22:15:03","date_gmt":"2020-11-04T22:15:03","guid":{"rendered":"https:\/\/parohia-ortodoxa-greifswald.de\/?page_id=354"},"modified":"2022-08-26T19:33:25","modified_gmt":"2022-08-26T19:33:25","slug":"despre-parohia-noastra","status":"publish","type":"page","link":"http:\/\/parohia-ortodoxa-rostock.de\/de\/827-2\/despre-parohia-noastra\/","title":{"rendered":"Geschichtlich"},"content":{"rendered":"<p class=\"has-drop-cap\">Mit der Hilfe Gottes und mit dem hierarchischen Segen von <em>Seine Eminenz Serafim - Metropolit von Deutschland, Mittel- und Nordeuropa, <\/em>&nbsp;an <strong>01.03.2020, <\/strong>war<em> <\/em><strong>die rum\u00e4nisch-orthodoxe Gemeinde Greifswald gr\u00fcndete,<\/strong> zum geistigen Nutzen der Gl\u00e4ubigen im Land <strong>Mecklenburg \u2013 Vorpommern<\/strong>.<\/p>\n\n\n\n<p><\/p>\n\n\n\n<p>\u00cencep\u00e2nd din luna August 2021 slujbele biserice\u0219ti s-au s\u0103v\u0103r\u0219it \u0219i la Rostock. Ulterior, din luna iulie 2022 activitatea parohiei noastre s-a mutat exclusiv \u00een Rostock <strong>(Reutersh\u00e4ger Weg 4)<\/strong>.<\/p>\n\n\n\n<p>Sf\u00e2nta \u0219i Dumnezeiasca Liturghie, precum \u0219i alte Sfinte Taine \u0219i slujbe biserice\u0219ti sunt s\u0103v\u00e2r\u0219ite \u00een incinta bisericii catolice St. Joseph din <strong>Rostock<\/strong>.<\/p>\n\n\n\n<p><\/p>","protected":false},"excerpt":{"rendered":"<p>Cu ajutorul Bunului Dumnezeu \u0219i cu binecuv\u00e2ntarea arhiereasc\u0103 a \u00cenaltpreasfin\u021bitului Serafim \u2013 Mitropolitul Germaniei, Europei Centrale \u0219i de Nord, &nbsp;la data de 01.03.2020, a fost \u00eenfiin\u021bat\u0103 Parohia Ortodox\u0103 Rom\u00e2n\u0103 Greifswald, [&hellip;]<\/p>\n","protected":false},"author":1,"featured_media":0,"parent":827,"menu_order":0,"comment_status":"closed","ping_status":"closed","template":"","meta":{"h5ap_radio_sources":[],"footnotes":""},"class_list":["post-354","page","type-page","status-publish","hentry"],"_links":{"self":[{"href":"http:\/\/parohia-ortodoxa-rostock.de\/de\/wp-json\/wp\/v2\/pages\/354","targetHints":{"allow":["GET"]}}],"collection":[{"href":"http:\/\/parohia-ortodoxa-rostock.de\/de\/wp-json\/wp\/v2\/pages"}],"about":[{"href":"http:\/\/parohia-ortodoxa-rostock.de\/de\/wp-json\/wp\/v2\/types\/page"}],"author":[{"embeddable":true,"href":"http:\/\/parohia-ortodoxa-rostock.de\/de\/wp-json\/wp\/v2\/users\/1"}],"replies":[{"embeddable":true,"href":"http:\/\/parohia-ortodoxa-rostock.de\/de\/wp-json\/wp\/v2\/comments?post=354"}],"version-history":[{"count":9,"href":"http:\/\/parohia-ortodoxa-rostock.de\/de\/wp-json\/wp\/v2\/pages\/354\/revisions"}],"predecessor-version":[{"id":1933,"href":"http:\/\/parohia-ortodoxa-rostock.de\/de\/wp-json\/wp\/v2\/pages\/354\/revisions\/1933"}],"up":[{"embeddable":true,"href":"http:\/\/parohia-ortodoxa-rostock.de\/de\/wp-json\/wp\/v2\/pages\/827"}],"wp:attachment":[{"href":"http:\/\/parohia-ortodoxa-rostock.de\/de\/wp-json\/wp\/v2\/media?parent=354"}],"curies":[{"name":"wp","href":"https:\/\/api.w.org\/{rel}","templated":true}]}}