{"id":299,"date":"2020-10-25T16:20:44","date_gmt":"2020-10-25T16:20:44","guid":{"rendered":"https:\/\/parohia-ortodoxa-greifswald.de\/?page_id=299"},"modified":"2020-11-11T00:01:50","modified_gmt":"2020-11-11T00:01:50","slug":"cuvinte-de-invatatura","status":"publish","type":"page","link":"http:\/\/parohia-ortodoxa-rostock.de\/de\/cuvinte-de-invatatura\/","title":{"rendered":"Anweisungen"},"content":{"rendered":"<figure class=\"wp-block-audio\"><audio controls src=\"https:\/\/parohia-ortodoxa-greifswald.de\/wp-content\/uploads\/2020\/11\/Invierea-fiicei-lui-Iair-08.11.20.mp3\"><\/audio><figcaption>Invierea fiicei lui Iair 08.11.2020<\/figcaption><\/figure>\n\n\n\n<figure class=\"wp-block-audio\"><audio controls src=\"https:\/\/parohia-ortodoxa-greifswald.de\/wp-content\/uploads\/2020\/10\/WhatsApp-Audio-2020-10-26-at-21.11.25-online-audio-converter.com_.mp3\"><\/audio><figcaption>Vindecarea demonizatului din tinutul Gadarenilor 25.10.2020 &#8211; lb. germana<br><\/figcaption><\/figure>\n\n\n\n<figure class=\"wp-block-audio\"><audio controls src=\"https:\/\/parohia-ortodoxa-greifswald.de\/wp-content\/uploads\/2020\/10\/Iubirea-vr\u0103jma\u0219ilor-04.10.2020.mp3\"><\/audio><figcaption>Iubirea vr\u0103jma\u0219ilor 04.10.2020<\/figcaption><\/figure>\n\n\n\n<figure class=\"wp-block-audio\"><audio controls src=\"https:\/\/parohia-ortodoxa-greifswald.de\/wp-content\/uploads\/2020\/10\/Pescuirea-minunata-27.09.20.mp3\"><\/audio><figcaption>Pescuirea minunat\u0103 27.09.2020<\/figcaption><\/figure>\n\n\n\n<figure class=\"wp-block-audio\"><audio controls src=\"https:\/\/parohia-ortodoxa-greifswald.de\/wp-content\/uploads\/2020\/10\/Luarea-Crucii-si-urmarea-lui-Hristos-20.09.2020.mp3\"><\/audio><figcaption>Luarea crucii \u0219i urmarea lui Hristos 20.09.2020<\/figcaption><\/figure>\n\n\n\n<figure class=\"wp-block-audio\"><audio controls src=\"https:\/\/parohia-ortodoxa-greifswald.de\/wp-content\/uploads\/2020\/10\/Duminica-inaintea-Inaltarii-Sf.-Cruci-dupa-hram-1.mp3\"><\/audio><figcaption>Duminica \u00eenaintea \u00cen\u0103l\u021b\u0103rii Sf. Cruci &#8211; 13.09.2020<\/figcaption><\/figure>\n\n\n\n<figure class=\"wp-block-audio\"><audio controls src=\"https:\/\/parohia-ortodoxa-greifswald.de\/wp-content\/uploads\/2020\/10\/Chemarea-primilor-Apostoli-21.06.2020.mp3\"><\/audio><figcaption>Chemarea Apostolilor 21.06.2020<\/figcaption><\/figure>\n\n\n\n<figure class=\"wp-block-audio\"><audio controls src=\"https:\/\/parohia-ortodoxa-greifswald.de\/wp-content\/uploads\/2020\/10\/Femeile-mironisite-03.05.2020.mp3\"><\/audio><figcaption>Femeile Mironosi\u021be 03.05.2020<\/figcaption><\/figure>\n\n\n\n<pre class=\"wp-block-preformatted\"><\/pre>","protected":false},"excerpt":{"rendered":"","protected":false},"author":1,"featured_media":247,"parent":0,"menu_order":0,"comment_status":"closed","ping_status":"closed","template":"","meta":{"h5ap_radio_sources":[],"footnotes":""},"class_list":["post-299","page","type-page","status-publish","has-post-thumbnail","hentry"],"_links":{"self":[{"href":"http:\/\/parohia-ortodoxa-rostock.de\/de\/wp-json\/wp\/v2\/pages\/299","targetHints":{"allow":["GET"]}}],"collection":[{"href":"http:\/\/parohia-ortodoxa-rostock.de\/de\/wp-json\/wp\/v2\/pages"}],"about":[{"href":"http:\/\/parohia-ortodoxa-rostock.de\/de\/wp-json\/wp\/v2\/types\/page"}],"author":[{"embeddable":true,"href":"http:\/\/parohia-ortodoxa-rostock.de\/de\/wp-json\/wp\/v2\/users\/1"}],"replies":[{"embeddable":true,"href":"http:\/\/parohia-ortodoxa-rostock.de\/de\/wp-json\/wp\/v2\/comments?post=299"}],"version-history":[{"count":32,"href":"http:\/\/parohia-ortodoxa-rostock.de\/de\/wp-json\/wp\/v2\/pages\/299\/revisions"}],"predecessor-version":[{"id":621,"href":"http:\/\/parohia-ortodoxa-rostock.de\/de\/wp-json\/wp\/v2\/pages\/299\/revisions\/621"}],"wp:featuredmedia":[{"embeddable":true,"href":"http:\/\/parohia-ortodoxa-rostock.de\/de\/wp-json\/wp\/v2\/media\/247"}],"wp:attachment":[{"href":"http:\/\/parohia-ortodoxa-rostock.de\/de\/wp-json\/wp\/v2\/media?parent=299"}],"curies":[{"name":"wp","href":"https:\/\/api.w.org\/{rel}","templated":true}]}}