{"id":209,"date":"2020-06-13T11:00:01","date_gmt":"2020-06-13T11:00:01","guid":{"rendered":"https:\/\/parohia-ortodoxa-greifswald.de\/?page_id=209"},"modified":"2021-01-09T16:43:21","modified_gmt":"2021-01-09T16:43:21","slug":"sfintele-taine","status":"publish","type":"page","link":"http:\/\/parohia-ortodoxa-rostock.de\/de\/cuvinte-de-invatatura\/sfintele-taine\/","title":{"rendered":"Die Heiligen Mysterien"},"content":{"rendered":"<p class=\"has-drop-cap\"><strong>Die Heiligen Mysterien <\/strong>sunt lucr\u0103ri v\u0103zute, instituite de M\u00e2ntuitorul Hristos \u0219i \u00eencredin\u021bate Sfintei Sale Biserici, fiind mijloace de \u00eemp\u0103rt\u0103\u0219ire a harului&nbsp;&nbsp; nev\u0103zut al Sf\u00e2ntului Duh, scopul lor fiind&nbsp;mijloace de&nbsp;sfin\u021bire \u0219i ajut\u0103toare la m\u00e2ntuirea&nbsp;credincio\u0219ilor.<\/p>\n\n\n\n<p><strong>1. Botezul<\/strong> &#8211; este Taina prin care omul, prin intreita cufundare \u00een ap\u0103 \u0219i prin rostirea formulei botezului de c\u0103tre s\u0103v\u00e2r\u0219itor, intr\u0103 \u00een starea haric\u0103, cur\u0103\u021b\u00eendu-se de p\u0103catul str\u0103mo\u0219esc \u0219i devenind membru al Bisericii. Aceast\u0103 Tain\u0103 a fost instituit\u0103 de Domnul Iisus Hristos \u00eenainte de \u00cen\u0103l\u021barea Sa la Cer, prin \u00eendemnul S\u0103u c\u0103tre Sf. Apostoli: \u00b4<strong>Merg\u00e2nd, \u00eenv\u0103\u021ba\u021bi toate neamurile, botezandu-le \u00een numele Tat\u0103lui \u0219i al Fiului \u0219i al Sf\u00e2ntului Duh!<\/strong>\u00b4 (Matei 28,19)<\/p>\n\n\n\n<p><strong>2. Mirungerea<\/strong> &#8211; este Taina prin care noul botezat, \u00eendat\u0103 dup\u0103 Botez, prime\u0219te harul Duhului Sf\u00e2nt, spre a se \u00eent\u0103ri \u0219i spori \u00een noua via\u021b\u0103 dob\u00e2ndit\u0103 prin Botez. \u00b4<strong>Iar Cel Care ne \u00eent\u0103re\u0219te pe noi&#8230;\u0219i ne-a uns pe noi este Dumnezeu, Care ne-a \u0219i pecetluit pe noi<\/strong>\u00b4(II Corinteni 1, 21-22).<\/p>\n\n\n\n<figure class=\"wp-block-image size-large\"><img loading=\"lazy\" decoding=\"async\" width=\"683\" height=\"1024\" src=\"https:\/\/parohia-ortodoxa-greifswald.de\/wp-content\/uploads\/2020\/11\/DSC00217-683x1024.jpg\" alt=\"\" class=\"wp-image-559\" srcset=\"https:\/\/parohia-ortodoxa-rostock.de\/wp-content\/uploads\/2020\/11\/DSC00217-683x1024.jpg 683w, https:\/\/parohia-ortodoxa-rostock.de\/wp-content\/uploads\/2020\/11\/DSC00217-200x300.jpg 200w, https:\/\/parohia-ortodoxa-rostock.de\/wp-content\/uploads\/2020\/11\/DSC00217-768x1152.jpg 768w, https:\/\/parohia-ortodoxa-rostock.de\/wp-content\/uploads\/2020\/11\/DSC00217-1024x1536.jpg 1024w, https:\/\/parohia-ortodoxa-rostock.de\/wp-content\/uploads\/2020\/11\/DSC00217-1365x2048.jpg 1365w, https:\/\/parohia-ortodoxa-rostock.de\/wp-content\/uploads\/2020\/11\/DSC00217-scaled.jpg 1707w\" sizes=\"auto, (max-width: 683px) 100vw, 683px\" \/><\/figure>\n\n\n\n<p><strong>3. Imp\u0103rt\u0103\u0219ania (Sf. Euharistie &#8211; Grijania)<\/strong> &#8211; este Taina&nbsp;prin care, sub forma&nbsp;p\u00e2inii \u0219i a vinului, cre\u0219tinul se \u00eemp\u0103rt\u0103\u0219e\u0219te cu \u00censu\u0219i Trupul \u0219i S\u00e2ngele Domnului, prezente \u00een mod real prin prefacerea elementelor la jertfa euharistic\u0103 din cadrul Sfintei Liturghi. Aceast\u0103 Tain\u0103 a fost instituit\u0103 de M\u00e2ntuitorul la Cin\u0103 cea de Tain\u0103, atunci c\u00e2nd, lu\u00e2nd p\u00e2inea a zis<strong>: \u00b4Lua\u021bi, m\u00e2nca\u021bi, acesta este Trupul Meu\u2026,\u00b4 <\/strong>apoi lu\u00e2nd paharul \u0219i mul\u021bumind, a zis: <strong>\u00b4Be\u021bi dintru acesta to\u021bi, acesta este S\u00e2ngele Meu al legii celei noi\u2026 <\/strong>\u00b4 (Matei 26, 26-28).<\/p>\n\n\n\n<figure class=\"wp-block-image size-large\"><img loading=\"lazy\" decoding=\"async\" width=\"1024\" height=\"683\" src=\"https:\/\/parohia-ortodoxa-greifswald.de\/wp-content\/uploads\/2020\/11\/DSC00279-1024x683.jpg\" alt=\"\" class=\"wp-image-558\" srcset=\"https:\/\/parohia-ortodoxa-rostock.de\/wp-content\/uploads\/2020\/11\/DSC00279-1024x683.jpg 1024w, https:\/\/parohia-ortodoxa-rostock.de\/wp-content\/uploads\/2020\/11\/DSC00279-300x200.jpg 300w, https:\/\/parohia-ortodoxa-rostock.de\/wp-content\/uploads\/2020\/11\/DSC00279-768x512.jpg 768w, https:\/\/parohia-ortodoxa-rostock.de\/wp-content\/uploads\/2020\/11\/DSC00279-1536x1024.jpg 1536w, https:\/\/parohia-ortodoxa-rostock.de\/wp-content\/uploads\/2020\/11\/DSC00279-2048x1365.jpg 2048w\" sizes=\"auto, (max-width: 1024px) 100vw, 1024px\" \/><\/figure>\n\n\n\n<p><strong>4. M\u0103rturisirea (Spovedania)<\/strong> &#8211; este Taina prin care cre\u0219tinul, c\u0103indu-se de p\u0103catele s\u0103v\u00e2r\u0219ite \u0219i m\u0103rturisindu-le \u00eenaintea lui Dumnezeu \u00een prezen\u021ba&nbsp;duhovnicului, prime\u0219te de la Dumnezeu, prin dezlegarea preotului, iertarea \u0219i dezlegarea de p\u0103cate. Aceast\u0103 sf\u00e2nt\u0103 Tain\u0103 reprezint\u0103 promisiunea f\u0103cut\u0103 de Iisus Hristos, Apostolilor S\u0103i: \u00b4<strong>Oric\u00e2te ve\u021bi lega pe p\u0103m\u00e2nt vor fi legate \u0219i \u00een Cer \u0219i oric\u00e2te ve\u021bi dezlega pe p\u0103m\u00e2nt vor fi dezlegate \u0219i \u00een Cer<\/strong>\u00b4(Matei 18,18), iar dup\u0103 \u00cenvierea Sa a fost instaurat\u0103 c\u0103 Tain\u0103 prin cuvintele: \u00b4<strong>Lua\u021bi Duh Sf\u00e2nt, c\u0103rora le ve\u021bi ierta p\u0103catele se vor ierta lor; \u0219i c\u0103rora le ve\u021bi \u021bine vor fi \u021binute<\/strong>\u00b4(Ioan 20, 22-23)<\/p>\n\n\n\n<figure class=\"wp-block-image size-large\"><img loading=\"lazy\" decoding=\"async\" width=\"640\" height=\"640\" src=\"https:\/\/parohia-ortodoxa-greifswald.de\/wp-content\/uploads\/2020\/11\/spovedanie.jpg\" alt=\"\" class=\"wp-image-554\" srcset=\"https:\/\/parohia-ortodoxa-rostock.de\/wp-content\/uploads\/2020\/11\/spovedanie.jpg 640w, https:\/\/parohia-ortodoxa-rostock.de\/wp-content\/uploads\/2020\/11\/spovedanie-300x300.jpg 300w, https:\/\/parohia-ortodoxa-rostock.de\/wp-content\/uploads\/2020\/11\/spovedanie-150x150.jpg 150w, https:\/\/parohia-ortodoxa-rostock.de\/wp-content\/uploads\/2020\/11\/spovedanie-75x75.jpg 75w\" sizes=\"auto, (max-width: 640px) 100vw, 640px\" \/><\/figure>\n\n\n\n<p><strong>5. Maslu<\/strong> -este acea Tain\u0103 \u00een care, prin rug\u0103ciunile preo\u021bilor \u0219i prin ungerea cu untdelemn sfin\u021bit, se \u00eemp\u0103rt\u0103\u0219e\u0219te cre\u0219tinilor bolnavi harul vindec\u0103rii de bolile suflete\u0219ti \u0219i trupe\u0219ti, precum \u0219i iertarea de p\u0103cate (<strong>f\u0103r\u0103 s\u0103 \u00eenlocuiasc\u0103 Spovedania<\/strong>). Practicarea obi\u0219nuit\u0103 a acestei Taine este ar\u0103tat\u0103 \u00een Epistola soborniceasc\u0103 a Sf. Ap.&nbsp;Iacob 5, 14-15: \u00b4<strong>De este cineva bolnav \u00eentre voi, s\u0103 cheme preo\u021bii Bisericii \u0219i s\u0103 se roage pentru d<strong>\u00e2<\/strong>nsul, ung<strong>\u00e2<\/strong>ndu-l cu untdelemn \u00eentru numele Domnului. \u0218i rug\u0103ciunea credin\u021bei va m\u00e2ntui pe cel bolnav&#8230;\u0219i se vor ierta lui.<\/strong>\u00b4<\/p>\n\n\n\n<p><strong>6. Cununia (Nunta)<\/strong> &#8211; este Taina prin care un b\u0103rbat \u0219i o femeie, care s-au hot\u0103r\u00e2t liber s\u0103 tr\u0103iasc\u0103 \u00eempreun\u0103, primesc prin rug\u0103ciunile preotului harul divin care sfin\u021be\u0219te leg\u0103tur\u0103 lor. Familia a fost \u00eentemeiat\u0103 de Dumnezeu \u00een Rai: \u00b4Nu este bine s\u0103 fie omul singur; s\u0103-i facem ajutor potrivit pentru el\u00b4. Prin prezen\u021ba M\u00e2ntuitorului la nunt\u0103 din Cana Galileei, Iisus binecuv\u00eenteaz\u0103 aceast\u0103 unire tainic\u0103 dintre femeie \u0219i b\u0103rbat, cei doi miri devenind <strong>una<\/strong>.<\/p>\n\n\n\n<figure class=\"wp-block-image size-large\"><img loading=\"lazy\" decoding=\"async\" width=\"683\" height=\"1024\" src=\"https:\/\/parohia-ortodoxa-greifswald.de\/wp-content\/uploads\/2020\/09\/P1260927-683x1024.jpg\" alt=\"\" class=\"wp-image-276\" srcset=\"https:\/\/parohia-ortodoxa-rostock.de\/wp-content\/uploads\/2020\/09\/P1260927-683x1024.jpg 683w, https:\/\/parohia-ortodoxa-rostock.de\/wp-content\/uploads\/2020\/09\/P1260927-200x300.jpg 200w, https:\/\/parohia-ortodoxa-rostock.de\/wp-content\/uploads\/2020\/09\/P1260927-768x1151.jpg 768w, https:\/\/parohia-ortodoxa-rostock.de\/wp-content\/uploads\/2020\/09\/P1260927-1025x1536.jpg 1025w, https:\/\/parohia-ortodoxa-rostock.de\/wp-content\/uploads\/2020\/09\/P1260927-1367x2048.jpg 1367w, https:\/\/parohia-ortodoxa-rostock.de\/wp-content\/uploads\/2020\/09\/P1260927-40x60.jpg 40w, https:\/\/parohia-ortodoxa-rostock.de\/wp-content\/uploads\/2020\/09\/P1260927-scaled.jpg 1708w\" sizes=\"auto, (max-width: 683px) 100vw, 683px\" \/><\/figure>\n\n\n\n<p><strong>7. Preotia (Hirotonia)<\/strong> &#8211; este Taina \u00een care , prin punerea m\u00e2inilor episcopului \u0219i prin rug\u0103ciune, harul divin se pogoar\u0103 asupra unui candidat, sfin\u021bindu-l \u0219i a\u0219ez\u00e2ndu-l \u00eentr-o treapt\u0103 a ierarhiei biserice\u0219ti. Instituirea Tainei a fost f\u0103cut\u0103 de M\u00e2ntuitorul dup\u0103 \u00cenvierea Sa din mor\u021bi: \u00b4<strong>Precum M-a trimis pe Mine Tat\u0103l, \u0219i Eu v\u0103 trimit pe voi<\/strong>\u00b4(Ioan 20, 21-23).<\/p>\n\n\n\n<figure class=\"wp-block-image size-large\"><img loading=\"lazy\" decoding=\"async\" width=\"768\" height=\"1024\" src=\"https:\/\/parohia-ortodoxa-greifswald.de\/wp-content\/uploads\/2020\/11\/20200101_113846-768x1024.jpg\" alt=\"\" class=\"wp-image-557\" srcset=\"https:\/\/parohia-ortodoxa-rostock.de\/wp-content\/uploads\/2020\/11\/20200101_113846-768x1024.jpg 768w, https:\/\/parohia-ortodoxa-rostock.de\/wp-content\/uploads\/2020\/11\/20200101_113846-225x300.jpg 225w, https:\/\/parohia-ortodoxa-rostock.de\/wp-content\/uploads\/2020\/11\/20200101_113846-1152x1536.jpg 1152w, https:\/\/parohia-ortodoxa-rostock.de\/wp-content\/uploads\/2020\/11\/20200101_113846-1536x2048.jpg 1536w, https:\/\/parohia-ortodoxa-rostock.de\/wp-content\/uploads\/2020\/11\/20200101_113846-scaled.jpg 1920w\" sizes=\"auto, (max-width: 768px) 100vw, 768px\" \/><\/figure>\n\n\n\n<p>Sursa: Arhid. Prof. Dr. Ioan Zagrean, Pr. Prof. Dr. Isidor Todoran, <em>Dogmatica ortodoxa. Manual pentru seminariile teologice<\/em>, Editura Renasterea, Cluj-Napoca, pp 49-53<\/p>","protected":false},"excerpt":{"rendered":"<p>Sfintele Taine sunt lucr\u0103ri v\u0103zute, instituite de M\u00e2ntuitorul Hristos \u0219i \u00eencredin\u021bate Sfintei Sale Biserici, fiind mijloace de \u00eemp\u0103rt\u0103\u0219ire a harului&nbsp;&nbsp; nev\u0103zut al Sf\u00e2ntului Duh, scopul lor fiind&nbsp;mijloace de&nbsp;sfin\u021bire \u0219i ajut\u0103toare [&hellip;]<\/p>\n","protected":false},"author":1,"featured_media":684,"parent":299,"menu_order":0,"comment_status":"closed","ping_status":"closed","template":"","meta":{"h5ap_radio_sources":[],"footnotes":""},"class_list":["post-209","page","type-page","status-publish","has-post-thumbnail","hentry"],"_links":{"self":[{"href":"http:\/\/parohia-ortodoxa-rostock.de\/de\/wp-json\/wp\/v2\/pages\/209","targetHints":{"allow":["GET"]}}],"collection":[{"href":"http:\/\/parohia-ortodoxa-rostock.de\/de\/wp-json\/wp\/v2\/pages"}],"about":[{"href":"http:\/\/parohia-ortodoxa-rostock.de\/de\/wp-json\/wp\/v2\/types\/page"}],"author":[{"embeddable":true,"href":"http:\/\/parohia-ortodoxa-rostock.de\/de\/wp-json\/wp\/v2\/users\/1"}],"replies":[{"embeddable":true,"href":"http:\/\/parohia-ortodoxa-rostock.de\/de\/wp-json\/wp\/v2\/comments?post=209"}],"version-history":[{"count":15,"href":"http:\/\/parohia-ortodoxa-rostock.de\/de\/wp-json\/wp\/v2\/pages\/209\/revisions"}],"predecessor-version":[{"id":680,"href":"http:\/\/parohia-ortodoxa-rostock.de\/de\/wp-json\/wp\/v2\/pages\/209\/revisions\/680"}],"up":[{"embeddable":true,"href":"http:\/\/parohia-ortodoxa-rostock.de\/de\/wp-json\/wp\/v2\/pages\/299"}],"wp:featuredmedia":[{"embeddable":true,"href":"http:\/\/parohia-ortodoxa-rostock.de\/de\/wp-json\/wp\/v2\/media\/684"}],"wp:attachment":[{"href":"http:\/\/parohia-ortodoxa-rostock.de\/de\/wp-json\/wp\/v2\/media?parent=209"}],"curies":[{"name":"wp","href":"https:\/\/api.w.org\/{rel}","templated":true}]}}