{"id":126,"date":"2020-05-26T21:07:16","date_gmt":"2020-05-26T21:07:16","guid":{"rendered":"https:\/\/parohia-ortodoxa-greifswald.de\/?page_id=126"},"modified":"2021-01-09T16:42:55","modified_gmt":"2021-01-09T16:42:55","slug":"nasterea-maicii-domnului","status":"publish","type":"page","link":"http:\/\/parohia-ortodoxa-rostock.de\/de\/827-2\/nasterea-maicii-domnului\/","title":{"rendered":"Die Geburt der Mutter Gottes"},"content":{"rendered":"<p class=\"has-drop-cap\">Ziua de 1 septembrie marcheaz\u0103 \u00een Biserica Ortodox\u0103 \u00eenceputul noului an bisericesc. Astfel, anul bisericesc se \u00eencheie \u00een luna august. Sf\u00e2r\u0219itul anului bisericesc, ca de altfel \u0219i \u00eenceputul lui, este sub ocrotirea \u0219i binecuv\u00e2ntarea Sfintei Fecioare Maria: Adormirea Maicii Domnului &#8211; 15 august \u0219i Na\u0219terea Maicii Domnului &#8211; 8 septembrie. Sfin\u021bii P\u0103rin\u021bi au r\u00e2nduit acest lucru, ca noi s\u0103 urm\u0103m pildei vie\u021bii Maicii Domnului pentru a putea primi \u00een noi pe Hristos. Astfel, Hristos Domnul dore\u0219te s\u0103 locuiasc\u0103 \u00een noi, dupa cum a s\u0103l\u0103\u0219luit \u00een Maica Domnului.<\/p>\n\n\n\n<p>Men\u021bion\u0103m c\u0103 Maica Domnului a fost rodul rug\u0103ciunilor&nbsp;ne\u00eencetate ale Sfin\u021bilor \u0219i Drep\u021bilor Ioachim \u0219i Ana din Nazaret. Din cauza lipsei de copii, Ioachim \u0219i Ana erau privi\u021bi ca fiind blestema\u021bi de Dumnezeu. \u00cens\u0103, Dumnezeu a ascultat rug\u0103ciunile lor \u0219i a trimis pe \u00eengerul S\u0103u s\u0103 le vesteasc\u0103 c\u0103 vor avea un copil care va da trup omenesc lui Dumnezeu Fiul. Din acest motiv, Sf\u00e2nta Fecioar\u0103 Maria se bucur\u0103 \u00een Biserica noastr\u0103 \u0219i \u00een inimile credincio\u0219ilor de un cult deosebit, de o supram\u0103rire \u0219i supravenerare, fiind socotit\u0103 &#8222;mai cinstit\u0103 dec\u00e2t heruvimii \u0219i mai slavit\u0103 f\u0103r\u0103 de asem\u0103nare dec\u00e2t serafimii&#8221;, adic\u0103 decat to\u021bi \u00eengerii. De\u0219i se bucura de o astfel de cinstire, toat\u0103 via\u021ba sa a stat sub semnul discre\u021biei \u0219i al smereniei.<\/p>\n\n\n\n<p>\u00cenchiz\u00e2nd pu\u021bin ochii cei sensibili, s\u0103 ni-i ridic\u0103m pe cei ai min\u021bii \u0219i s\u0103 vedem \u00een chip \u00een\u021beleg\u0103tor pe Maica lui Dumnezeu. C\u0103ci a venit ca un cer \u00eensufle\u021bit purt\u00e2nd \u00een bra\u021be pe Soarele drept\u0103\u021bii, ca s\u0103-i lumineze \u0219i s\u0103-i \u00eenc\u0103lzeasc\u0103 pe credincio\u0219ii care alearg\u0103 la sc\u0103parea ei. \u0218i dac\u0103 soarele cel sensibil a \u0219tiut s\u0103 lumineze \u0219i s\u0103 \u00eenc\u0103lzeasc\u0103, s\u0103 usuce \u0219i s\u0103 ard\u0103, cu c\u00e2t mai mult a \u0219tiut s\u0103 fac\u0103 acestea Soarele drept\u0103\u021bii cel mai \u00eenainte de soare.<\/p>\n\n\n\n<p>Unindu-se firea dumnezeiasc\u0103 a M\u00e2ntuitorului Iisus Hristos cu firea lui omeneasc\u0103, luat\u0103 din Fecioara Maria prin lucrarea Duhului Sf\u00e2nt, se s\u0103v\u00e2r\u0219e\u0219te unirea omului cu Dumnezeu \u0219i prin aceasta se sfin\u021beste \u0219i se \u00eendumnezeie\u0219te firea omeneasc\u0103. Nici ingerii din ceruri nu au putut \u00eentelege modul \u00een care Dumnezeu Cel Ve\u0219nic devine Om \u00een timp \u0219i Dumnezeu Cel Necuprins devine cuprins \u00een umanitatea pe care \u0218i-o asum\u0103.<\/p>\n\n\n\n<p>Arhanghelul Gavriil aduce lumina \u00een aceast\u0103 tain\u0103, prin cuvintele: Duhul Sf\u00e2nt se va pogor\u00ee peste tine \u0219i puterea Celui Prea\u00eenalt te va umbri; pentru aceasta \u0219i Sf\u00e2ntul care se va na\u0219te din tine, se va chema Fiul lui Dumnezeu. Astfel, Fecioara Maria devine fiin\u021ba creat\u0103 cea mai apropiat\u0103 de Sf\u00e2nta Treime. Important este s\u0103 re\u021binem c\u0103 actul \u00centrup\u0103rii este unul de conlucrare. F\u0103r\u0103 acordul Maicii Domnului, \u00centruparea Domnului nu s-ar fi realizat. Momentul z\u0103mislirii este acela c\u00e2nd Fecioara accept\u0103 cele spuse de \u00eenger \u0219i spune: &#8222;Iat\u0103 roaba Domnului. Fie mie dup\u0103 cuv\u00e2ntul t\u0103u&#8221;. A\u0219adar, Dumnezeu nu se face om f\u0103r\u0103 acordul Fecioarei.<\/p>\n\n\n\n<p><strong><a rel=\"noreferrer noopener\" href=\"https:\/\/www.crestinortodox.ro\/sarbatori\/nasterea-maicii-domnului\/\" target=\"_blank\">Cum s-a n\u0103scut Fecioara Maria<\/a><\/strong>?<\/p>\n\n\n\n<p><br>Ioachim se tr\u0103gea din vestitul neam al lui David, iar Ana era una dintre fiicele lui Levi, adic\u0103 de neam preo\u021besc. Levi a avut trei fete: pe Ana, mama Mariei, pe Elisabeta, mama lui Ioan Botezatorul, \u0219i pe Salomeea, mama fiilor lui Zevedeu.<\/p>\n\n\n\n<p>Sinaxarul zilei ne spune c\u0103 ei erau drep\u021bi \u00eenaintea lui Dumnezeu \u0219i la fiecare s\u0103rb\u0103toare luau dou\u0103 p\u0103r\u021bi din c\u00e2\u0219tigul lor, o parte o d\u0103deau s\u0103racilor, iar pe cealalt\u0103 o d\u0103deau lui Dumnezeu.<\/p>\n\n\n\n<p>Odat\u0103, pe c\u00e2nd erau deja b\u0103tr\u00e2ni \u0219i erau \u00een Ierusalim s\u0103 jertfeasc\u0103 Domnului, Marele Preot Isahar l-a mustrat pe Ioachim: &#8222;De ce aduci darul \u00eenaintea mea? Oare nu \u0219tii c\u0103 nevrednic e\u0219ti s\u0103 aduci cu noi daruri, de vreme ce nu ai l\u0103sat semin\u021bie \u00een Israel?&#8221;.<\/p>\n\n\n\n<p>\u0218i a plecat Ioachim foarte \u00eentristat \u0219i ru\u0219inat \u0219i def\u0103imat de la praznicul acela, \u0219i, de m\u00e2hnire, nu s-a \u00eentors la casa sa, ci s-a dus \u00een pustie \u0219i s-a rugat lui Dumnezeu patruzeci de zile \u0219i striga c\u0103tre Dumnezeu cu lacrimi, ca s\u0103-i dea lui rod p\u00e2ntecelui. Asemenea \u0219i Ana, \u00een cas\u0103 \u0219i \u00een gr\u0103dina ei, se ruga lui Dumnezeu. \u0218i i-a auzit pe d\u00e2n\u0219ii Domnul \u0219i a trimis pe \u00eengerul S\u0103u, binevestindu-le lor na\u0219terea Maicii Domnului, care a \u0219i fost, spre m\u00e2ntuirea a tot neamul omenesc.<\/p>\n\n\n\n<p>Ana a ramas \u00een cur\u00e2nd \u00eens\u0103rcinat\u0103, iar peste nou\u0103 luni a n\u0103scut-o pe Sf\u00e2nta Fecioar\u0103 Maria. Z\u0103mislirea Maicii Domnului este pr\u0103znuit\u0103 de Biseric\u0103 \u00een 9 decembrie, iar Na\u0219terea Maicii Domnului este s\u0103rb\u0103torit\u0103 pe 8 septembrie.<\/p>\n\n\n\n<p>La v\u00e2rsta de trei ani, Ioachim \u0219i Ana au dus-o pe Sf\u00e2nta Fecioar\u0103 la Templu \u0219i au \u00eenchinat-o slujirii lui Dumnezeu, \u00eencredin\u021b\u00e2nd-o preotului Zaharia. Atunci, dup\u0103 ce p\u0103rin\u021bii ei au adus sacrificii Domnului (dup\u0103 obiceiul vremii), au l\u0103sat-o \u00eempreun\u0103 cu celelalte fecioare \u00een camerele Templului s\u0103 creasc\u0103 acolo. Biserica pr\u0103znuie\u0219te Intrarea \u00een Biseric\u0103 a Maicii Domnului \u00een 21 noiembrie.<\/p>\n\n\n\n<p>\u00cen urm\u0103torii \u0219apte ani, Dreapta Ana \u0219i Ioachim au vizitat-o adesea pe Maria la Templu, p\u00e2n\u0103 la moartea lor; aceasta a ramas \u00eens\u0103 orfan\u0103 la v\u00e2rsta de zece ani. Sfantul Ioachim a tr\u0103it 80 de ani, iar Ana 79 de ani.<\/p>\n\n\n\n<p>Sursa:  <a href=\"https:\/\/www.crestinortodox.ro\/sarbatori\/nasterea-maicii-domnului\/cum-a-nascut-fecioara-maria-157310.html\">https:\/\/www.crestinortodox.ro\/sarbatori\/nasterea-maicii-domnului\/cum-a-nascut-fecioara-maria-157310.html<\/a> <\/p>\n\n\n\n<p>Preasf\u00e2nta N\u0103sc\u0103toare de Dumnezeu, a venit ca o t\u0103rie, purt\u00e2nd \u00een bra\u021be steaua cea din Iacob, pentru ca \u0219i noi, precum magii, lep\u0103d\u00e2nd toate pl\u0103cerile cele trupe\u0219ti s\u0103-I urm\u0103m Lui \u00een cur\u0103\u021bie \u0219i s\u0103 I ne \u00eenchin\u0103m cu credin\u021b\u0103. A venit ca o scar\u0103 av\u00e2ndu-L pe Domnul \u00eent\u0103rit \u00een ea, ca s\u0103 \u00eent\u0103reasc\u0103 \u0219i s\u0103 izb\u0103veasc\u0103 din stric\u0103ciune firea omeneasc\u0103. A venit ca un nor d\u0103t\u0103tor de ploaie m\u00e2ntuitoare, purt\u00e2nd \u00een s\u00e2nul ei dumnezeiasca ploaie, ca s\u0103 ude \u0219i s\u0103 adape p\u0103m\u00e2nturile cele cuv\u00e2nt\u0103toare. A venit ca o brazd\u0103 dumnezeiasc\u0103 \u021bin\u00e2nd ca un snop spicul cel d\u0103t\u0103tor de via\u021b\u0103, ca s\u0103 hr\u0103neasc\u0103 inimile care fl\u0103m\u00e2nzesc de El.<\/p>\n\n\n\n<p>A venit ca un hambar care avea \u00een s\u00e2nul ei gr\u00e2ul vie\u021bii, ca s\u0103-l reverse celor care aveau nevoie de acest gr\u00e2u. A venit ca o mas\u0103 av\u00e2nd pe ea p\u00e2inea vie\u021bii, din care m\u00e2nc\u00e2nd unii cu vrednicie vor tr\u0103i \u00een veac. A venit ca o vie purt\u00e2nd strugurele, ca s\u0103 adape cu vinul cel dulce pe credincio\u0219i \u0219i s\u0103-i \u00eembete pe ei din gr\u0103simea casei Lui. A venit ca un car condus de Cuv\u00e2ntul, pentru ca din necuv\u00e2ntare s\u0103-i slobozeasc\u0103 pe cei cuv\u00e2nt\u0103tori, ca Dumnezeu \u0219i Cuv\u00e2nt.<\/p>\n\n\n\n<p>A venit ca o junc\u0103 f\u0103r\u0103 de pat\u0103 \u0219i ca o mielu\u0219ea preanevinovat\u0103 purt\u00e2nd pe mielul \u201eCel ce ridic\u0103 p\u0103catul lumii\u201d \u0219i \u201epe vi\u021belul cel \u00eengr\u0103\u0219at\u201d, jertfit pentru fiul cel risipitor, poporul cel omor\u00e2t de desfr\u00e2nare \u0219i pierdut de necur\u0103\u021bie \u0219i iar\u0103\u0219i aflat prin poc\u0103in\u021b\u0103 \u0219i \u00eentoarcere. A venit ca un cle\u0219te \u021bin\u00e2nd c\u0103rbunele aprins, ca s\u0103 ard\u0103 din temelii spinul p\u0103catelor \u0219i s\u0103-i lumineze pe iubitorii de cur\u0103\u021bie ca un Iubitor de cur\u0103\u021bie \u0219i ca Unul n\u0103scut \u00een cur\u0103\u021bie. A venit ca un sfe\u0219nic cu totul de aur cu \u0219apte f\u0103clii purt\u00e2nd deasupra ei candela, ca s\u0103 lumineze \u00een chipul cel mai str\u0103lucit tot p\u0103m\u00e2ntul de sub soare. A venit ca un chivot av\u00e2nd \u00een ea dreapta Tat\u0103lui cea prin care au fost date lui Moise tablele scrise ale legii mozaice, ca prin aceast\u0103 dreapt\u0103 s\u0103 fie scri\u0219i \u00een cartea vie\u021bii cei vrednici de via\u021b\u0103. A venit ca un palat \u0219i ca un scaun al \u00cemp\u0103ratului \u0219i ca o \u00eemp\u0103r\u0103teas\u0103 prea\u00eenfrumuse\u021bat\u0103, \u021bin\u00e2nd ca o maic\u0103 pe \u00cemp\u0103ratul slavei, ca s\u0103 cheme la \u00cemp\u0103r\u0103\u021bia lui Dumnezeu pe iubitorii acesteia.<\/p>\n\n\n\n<p>Sursa: Sf. Neofit Z\u0103vor\u00e2tul<\/p>\n\n\n<p><!--EndFragment--><\/p>","protected":false},"excerpt":{"rendered":"<p>Ziua de 1 septembrie marcheaz\u0103 \u00een Biserica Ortodox\u0103 \u00eenceputul noului an bisericesc. Astfel, anul bisericesc se \u00eencheie \u00een luna august. Sf\u00e2r\u0219itul anului bisericesc, ca de altfel \u0219i \u00eenceputul lui, este [&hellip;]<\/p>\n","protected":false},"author":1,"featured_media":703,"parent":827,"menu_order":0,"comment_status":"closed","ping_status":"closed","template":"","meta":{"h5ap_radio_sources":[],"footnotes":""},"class_list":["post-126","page","type-page","status-publish","has-post-thumbnail","hentry"],"_links":{"self":[{"href":"http:\/\/parohia-ortodoxa-rostock.de\/de\/wp-json\/wp\/v2\/pages\/126","targetHints":{"allow":["GET"]}}],"collection":[{"href":"http:\/\/parohia-ortodoxa-rostock.de\/de\/wp-json\/wp\/v2\/pages"}],"about":[{"href":"http:\/\/parohia-ortodoxa-rostock.de\/de\/wp-json\/wp\/v2\/types\/page"}],"author":[{"embeddable":true,"href":"http:\/\/parohia-ortodoxa-rostock.de\/de\/wp-json\/wp\/v2\/users\/1"}],"replies":[{"embeddable":true,"href":"http:\/\/parohia-ortodoxa-rostock.de\/de\/wp-json\/wp\/v2\/comments?post=126"}],"version-history":[{"count":5,"href":"http:\/\/parohia-ortodoxa-rostock.de\/de\/wp-json\/wp\/v2\/pages\/126\/revisions"}],"predecessor-version":[{"id":366,"href":"http:\/\/parohia-ortodoxa-rostock.de\/de\/wp-json\/wp\/v2\/pages\/126\/revisions\/366"}],"up":[{"embeddable":true,"href":"http:\/\/parohia-ortodoxa-rostock.de\/de\/wp-json\/wp\/v2\/pages\/827"}],"wp:featuredmedia":[{"embeddable":true,"href":"http:\/\/parohia-ortodoxa-rostock.de\/de\/wp-json\/wp\/v2\/media\/703"}],"wp:attachment":[{"href":"http:\/\/parohia-ortodoxa-rostock.de\/de\/wp-json\/wp\/v2\/media?parent=126"}],"curies":[{"name":"wp","href":"https:\/\/api.w.org\/{rel}","templated":true}]}}