{"id":10,"date":"2020-03-27T16:28:59","date_gmt":"2020-03-27T16:28:59","guid":{"rendered":"https:\/\/parohia-ortodoxa-greifswald.de\/?page_id=10"},"modified":"2026-04-10T11:19:51","modified_gmt":"2026-04-10T11:19:51","slug":"program-slujbe","status":"publish","type":"page","link":"http:\/\/parohia-ortodoxa-rostock.de\/de\/program-slujbe\/","title":{"rendered":"Gottesdienstprogramm"},"content":{"rendered":"<p><strong>Pentru program\u0103ri la Botez, Cununie, Spovedanie, Parastase, Sfe\u0219tanie\/Sfin\u021birea Caselor &#8211; Botezul Domnului sau pentru alte slujbe, va rug\u0103m s\u0103 \u00eel contacta\u021bi pe pr. Nicolae (0176 27 08 14 19<\/strong>)<\/p>\n\n\n\n<p><strong>Programul slujbelor poate suferi modific\u0103ri de ultim\u0103 or\u0103. V\u0102 RUG\u0102M URM\u0102RI\u021aI ACEST SITE PENTRU ULTIMELE ACTUALIZ\u0102RI ALE PROGRAMULUI SLUJBELOR!<\/strong><\/p>\n\n\n\n<div class=\"wp-block-group\"><div class=\"wp-block-group__inner-container is-layout-flow wp-block-group-is-layout-flow\">\n<figure class=\"wp-block-gallery has-nested-images columns-default is-cropped wp-block-gallery-1 is-layout-flex wp-block-gallery-is-layout-flex\">\n<figure class=\"wp-block-image size-large\"><img loading=\"lazy\" decoding=\"async\" width=\"725\" height=\"1024\" data-id=\"2621\" src=\"https:\/\/parohia-ortodoxa-rostock.de\/wp-content\/uploads\/2026\/04\/Programul-slujbelor-page-001-12-725x1024.jpg\" alt=\"\" class=\"wp-image-2621\" srcset=\"https:\/\/parohia-ortodoxa-rostock.de\/wp-content\/uploads\/2026\/04\/Programul-slujbelor-page-001-12-725x1024.jpg 725w, https:\/\/parohia-ortodoxa-rostock.de\/wp-content\/uploads\/2026\/04\/Programul-slujbelor-page-001-12-212x300.jpg 212w, https:\/\/parohia-ortodoxa-rostock.de\/wp-content\/uploads\/2026\/04\/Programul-slujbelor-page-001-12-768x1085.jpg 768w, https:\/\/parohia-ortodoxa-rostock.de\/wp-content\/uploads\/2026\/04\/Programul-slujbelor-page-001-12-1087x1536.jpg 1087w, https:\/\/parohia-ortodoxa-rostock.de\/wp-content\/uploads\/2026\/04\/Programul-slujbelor-page-001-12-8x12.jpg 8w, https:\/\/parohia-ortodoxa-rostock.de\/wp-content\/uploads\/2026\/04\/Programul-slujbelor-page-001-12.jpg 1241w\" sizes=\"auto, (max-width: 725px) 100vw, 725px\" \/><\/figure>\n<\/figure>\n<\/div><\/div>\n\n\n\n<p><\/p>","protected":false},"excerpt":{"rendered":"<p>Pentru program\u0103ri la Botez, Cununie, Spovedanie, Parastase, Sfe\u0219tanie\/Sfin\u021birea Caselor &#8211; Botezul Domnului sau pentru alte slujbe, va rug\u0103m s\u0103 \u00eel contacta\u021bi pe pr. Nicolae (0176 27 08 14 19) Programul [&hellip;]<\/p>\n","protected":false},"author":1,"featured_media":0,"parent":0,"menu_order":0,"comment_status":"closed","ping_status":"closed","template":"","meta":{"h5ap_radio_sources":[],"footnotes":""},"class_list":["post-10","page","type-page","status-publish","hentry"],"_links":{"self":[{"href":"http:\/\/parohia-ortodoxa-rostock.de\/de\/wp-json\/wp\/v2\/pages\/10","targetHints":{"allow":["GET"]}}],"collection":[{"href":"http:\/\/parohia-ortodoxa-rostock.de\/de\/wp-json\/wp\/v2\/pages"}],"about":[{"href":"http:\/\/parohia-ortodoxa-rostock.de\/de\/wp-json\/wp\/v2\/types\/page"}],"author":[{"embeddable":true,"href":"http:\/\/parohia-ortodoxa-rostock.de\/de\/wp-json\/wp\/v2\/users\/1"}],"replies":[{"embeddable":true,"href":"http:\/\/parohia-ortodoxa-rostock.de\/de\/wp-json\/wp\/v2\/comments?post=10"}],"version-history":[{"count":218,"href":"http:\/\/parohia-ortodoxa-rostock.de\/de\/wp-json\/wp\/v2\/pages\/10\/revisions"}],"predecessor-version":[{"id":2622,"href":"http:\/\/parohia-ortodoxa-rostock.de\/de\/wp-json\/wp\/v2\/pages\/10\/revisions\/2622"}],"wp:attachment":[{"href":"http:\/\/parohia-ortodoxa-rostock.de\/de\/wp-json\/wp\/v2\/media?parent=10"}],"curies":[{"name":"wp","href":"https:\/\/api.w.org\/{rel}","templated":true}]}}